{"id":21,"date":"2023-12-12T18:01:22","date_gmt":"2023-12-12T17:01:22","guid":{"rendered":"https:\/\/cultourmirdita.al\/?page_id=21"},"modified":"2024-02-13T16:58:59","modified_gmt":"2024-02-13T15:58:59","slug":"gojedhena","status":"publish","type":"page","link":"https:\/\/cultourmirdita.al\/en\/gojedhena\/","title":{"rendered":"Legends"},"content":{"rendered":"<div data-elementor-type=\"wp-page\" data-elementor-id=\"21\" class=\"elementor elementor-21\">\n\t\t\t\t<div class=\"elementor-element elementor-element-2fd075e e-flex e-con-boxed e-con e-parent\" data-id=\"2fd075e\" data-element_type=\"container\" data-e-type=\"container\">\n\t\t\t\t\t<div class=\"e-con-inner\">\n\t\t\t\t<div class=\"elementor-element elementor-element-cf792a7 elementor-widget elementor-widget-spacer\" data-id=\"cf792a7\" data-element_type=\"widget\" data-e-type=\"widget\" data-widget_type=\"spacer.default\">\n\t\t\t\t<div class=\"elementor-widget-container\">\n\t\t\t\t\t\t\t<div class=\"elementor-spacer\">\n\t\t\t<div class=\"elementor-spacer-inner\"><\/div>\n\t\t<\/div>\n\t\t\t\t\t\t<\/div>\n\t\t\t\t<\/div>\n\t\t\t\t<div class=\"elementor-element elementor-element-f632580 elementor-widget elementor-widget-heading\" data-id=\"f632580\" data-element_type=\"widget\" data-e-type=\"widget\" data-widget_type=\"heading.default\">\n\t\t\t\t<div class=\"elementor-widget-container\">\n\t\t\t\t\t<h2 class=\"elementor-heading-title elementor-size-default\">Legends of Mirdita<\/h2>\t\t\t\t<\/div>\n\t\t\t\t<\/div>\n\t\t<div class=\"elementor-element elementor-element-a3d9493 e-flex e-con-boxed e-con e-child\" data-id=\"a3d9493\" data-element_type=\"container\" data-e-type=\"container\">\n\t\t\t\t\t<div class=\"e-con-inner\">\n\t\t<div class=\"elementor-element elementor-element-97cf009 e-flex e-con-boxed e-con e-child\" data-id=\"97cf009\" data-element_type=\"container\" data-e-type=\"container\" data-settings=\"{&quot;background_background&quot;:&quot;classic&quot;}\">\n\t\t\t\t\t<div class=\"e-con-inner\">\n\t\t\t\t<div class=\"elementor-element elementor-element-c0e9500 elementor-widget elementor-widget-heading\" data-id=\"c0e9500\" data-element_type=\"widget\" data-e-type=\"widget\" data-widget_type=\"heading.default\">\n\t\t\t\t<div class=\"elementor-widget-container\">\n\t\t\t\t\t<h2 class=\"elementor-heading-title elementor-size-default\"><a href=\"https:\/\/cultourmirdita.al\/gojedhena\/emertesa-mirdite\/\">The Name of Mirdita<\/a><\/h2>\t\t\t\t<\/div>\n\t\t\t\t<\/div>\n\t\t\t\t\t<\/div>\n\t\t\t\t<\/div>\n\t\t<div class=\"elementor-element elementor-element-4555d63 e-flex e-con-boxed e-con e-child\" data-id=\"4555d63\" data-element_type=\"container\" data-e-type=\"container\" data-settings=\"{&quot;background_background&quot;:&quot;classic&quot;}\">\n\t\t\t\t\t<div class=\"e-con-inner\">\n\t\t\t\t<div class=\"elementor-element elementor-element-6d71de8 elementor-widget elementor-widget-heading\" data-id=\"6d71de8\" data-element_type=\"widget\" data-e-type=\"widget\" data-widget_type=\"heading.default\">\n\t\t\t\t<div class=\"elementor-widget-container\">\n\t\t\t\t\t<h2 class=\"elementor-heading-title elementor-size-default\"><a href=\"https:\/\/cultourmirdita.al\/gojedhena\/zanafilla-e-mirdites\/\">The Origins of Mirdita<\/a><\/h2>\t\t\t\t<\/div>\n\t\t\t\t<\/div>\n\t\t\t\t\t<\/div>\n\t\t\t\t<\/div>\n\t\t<div class=\"elementor-element elementor-element-8d9b13a e-flex e-con-boxed e-con e-child\" data-id=\"8d9b13a\" data-element_type=\"container\" data-e-type=\"container\" data-settings=\"{&quot;background_background&quot;:&quot;classic&quot;}\">\n\t\t\t\t\t<div class=\"e-con-inner\">\n\t\t\t\t<div class=\"elementor-element elementor-element-0872a22 elementor-widget elementor-widget-heading\" data-id=\"0872a22\" data-element_type=\"widget\" data-e-type=\"widget\" data-widget_type=\"heading.default\">\n\t\t\t\t<div class=\"elementor-widget-container\">\n\t\t\t\t\t<h2 class=\"elementor-heading-title elementor-size-default\"><a href=\"https:\/\/cultourmirdita.al\/gojedhena\/oret-e-zanat-e-mirdites\/\">The Fates of Mirdita<\/a><\/h2>\t\t\t\t<\/div>\n\t\t\t\t<\/div>\n\t\t\t\t\t<\/div>\n\t\t\t\t<\/div>\n\t\t\t\t\t<\/div>\n\t\t\t\t<\/div>\n\t\t\t\t<div class=\"elementor-element elementor-element-f02affe elementor-widget elementor-widget-spacer\" data-id=\"f02affe\" data-element_type=\"widget\" data-e-type=\"widget\" data-widget_type=\"spacer.default\">\n\t\t\t\t<div class=\"elementor-widget-container\">\n\t\t\t\t\t\t\t<div class=\"elementor-spacer\">\n\t\t\t<div class=\"elementor-spacer-inner\"><\/div>\n\t\t<\/div>\n\t\t\t\t\t\t<\/div>\n\t\t\t\t<\/div>\n\t\t\t\t\t<\/div>\n\t\t\t\t<\/div>\n\t\t\t\t<\/div>","protected":false},"excerpt":{"rendered":"<p>Goj\u00ebdh\u00ebnat e Mirdit\u00ebs Em\u00ebrtesa \u2018Mirdit\u00eb\u2019 Zanafilla e Mirdit\u00ebs Or\u00ebt e Zanat e Mirdit\u00ebs Em\u00ebrtesa \u2018Mirdit\u00eb\u2019 Zanafilla e Mirdit\u00ebs Or\u00ebt e Zanat e Mirdit\u00ebs D\u00ebgjo si e ka marr\u00eb emrin zona e Mirdit\u00ebs&#8230;, cila \u00ebsht\u00eb zanafilla e fiseve mirditore&#8230;, traditat q\u00eb lidhen me Orat, Zanat dhe Kultin e Natyr\u00ebs&#8230;<\/p>","protected":false},"author":1,"featured_media":0,"parent":0,"menu_order":0,"comment_status":"closed","ping_status":"closed","template":"elementor_header_footer","meta":{"h5ap_radio_sources":[],"footnotes":""},"class_list":["post-21","page","type-page","status-publish","hentry"],"_links":{"self":[{"href":"https:\/\/cultourmirdita.al\/en\/wp-json\/wp\/v2\/pages\/21","targetHints":{"allow":["GET"]}}],"collection":[{"href":"https:\/\/cultourmirdita.al\/en\/wp-json\/wp\/v2\/pages"}],"about":[{"href":"https:\/\/cultourmirdita.al\/en\/wp-json\/wp\/v2\/types\/page"}],"author":[{"embeddable":true,"href":"https:\/\/cultourmirdita.al\/en\/wp-json\/wp\/v2\/users\/1"}],"replies":[{"embeddable":true,"href":"https:\/\/cultourmirdita.al\/en\/wp-json\/wp\/v2\/comments?post=21"}],"version-history":[{"count":182,"href":"https:\/\/cultourmirdita.al\/en\/wp-json\/wp\/v2\/pages\/21\/revisions"}],"predecessor-version":[{"id":4511,"href":"https:\/\/cultourmirdita.al\/en\/wp-json\/wp\/v2\/pages\/21\/revisions\/4511"}],"wp:attachment":[{"href":"https:\/\/cultourmirdita.al\/en\/wp-json\/wp\/v2\/media?parent=21"}],"curies":[{"name":"wp","href":"https:\/\/api.w.org\/{rel}","templated":true}]}}