{"id":232,"date":"2024-01-04T23:53:28","date_gmt":"2024-01-04T22:53:28","guid":{"rendered":"https:\/\/cultourmirdita.al\/?page_id=232"},"modified":"2024-02-12T10:46:59","modified_gmt":"2024-02-12T09:46:59","slug":"shtegu-i-trete-itinerari-i-deshmise-dhe-i-kujteses","status":"publish","type":"page","link":"https:\/\/cultourmirdita.al\/en\/shtigje-mirditore\/shtegu-i-trete-itinerari-i-deshmise-dhe-i-kujteses\/","title":{"rendered":"Memory and Remembrance Route"},"content":{"rendered":"<div data-elementor-type=\"wp-page\" data-elementor-id=\"232\" class=\"elementor elementor-232\">\n\t\t\t\t<div class=\"elementor-element elementor-element-7f6601a6 e-flex e-con-boxed e-con e-parent\" data-id=\"7f6601a6\" data-element_type=\"container\" data-e-type=\"container\" data-settings=\"{&quot;background_background&quot;:&quot;classic&quot;}\">\n\t\t\t\t\t<div class=\"e-con-inner\">\n\t\t<div class=\"elementor-element elementor-element-5ba09fc5 e-con-full e-flex e-con e-child\" data-id=\"5ba09fc5\" data-element_type=\"container\" data-e-type=\"container\" data-settings=\"{&quot;background_background&quot;:&quot;classic&quot;}\">\n\t\t\t\t<\/div>\n\t\t<div class=\"elementor-element elementor-element-80b281d e-con-full e-flex e-con e-child\" data-id=\"80b281d\" data-element_type=\"container\" data-e-type=\"container\" data-settings=\"{&quot;background_background&quot;:&quot;classic&quot;}\">\n\t\t\t\t<div class=\"elementor-element elementor-element-3e004552 elementor-widget elementor-widget-heading\" data-id=\"3e004552\" data-element_type=\"widget\" data-e-type=\"widget\" data-widget_type=\"heading.default\">\n\t\t\t\t<div class=\"elementor-widget-container\">\n\t\t\t\t\t<h2 class=\"elementor-heading-title elementor-size-default\">The third tour<\/h2>\t\t\t\t<\/div>\n\t\t\t\t<\/div>\n\t\t\t\t<div class=\"elementor-element elementor-element-568e2375 elementor-widget elementor-widget-heading\" data-id=\"568e2375\" data-element_type=\"widget\" data-e-type=\"widget\" data-widget_type=\"heading.default\">\n\t\t\t\t<div class=\"elementor-widget-container\">\n\t\t\t\t\t<h2 class=\"elementor-heading-title elementor-size-default\">Memory and Remembrance Route<\/h2>\t\t\t\t<\/div>\n\t\t\t\t<\/div>\n\t\t\t\t<\/div>\n\t\t<div class=\"elementor-element elementor-element-6a333e6f e-con-full e-flex e-con e-child\" data-id=\"6a333e6f\" data-element_type=\"container\" data-e-type=\"container\" data-settings=\"{&quot;background_background&quot;:&quot;classic&quot;}\">\n\t\t\t\t<div class=\"elementor-element elementor-element-533f1b6a elementor-widget elementor-widget-text-editor\" data-id=\"533f1b6a\" data-element_type=\"widget\" data-e-type=\"widget\" data-widget_type=\"text-editor.default\">\n\t\t\t\t<div class=\"elementor-widget-container\">\n\t\t\t\t\t\t\t\t\t<p><span style=\"font-size: 18.6667px;\">The third route was designed by choosing places and stops that are not very frequented by visitors, but which occupy a special place in the historical memory of the Mirdita area and the whole country. They cover a large historical extent, from the monuments of the Arborian Middle Ages, to the socialist heritage of the late 20th century and to the still alive traditions of the characteristic crafts of the area. The route is divided into two parts, the first of which can be easily done on foot, while the second requires the use of a vehicle.<\/span><\/p>\t\t\t\t\t\t\t\t<\/div>\n\t\t\t\t<\/div>\n\t\t\t\t<\/div>\n\t\t<div class=\"elementor-element elementor-element-790eb741 e-con-full e-flex e-con e-child\" data-id=\"790eb741\" data-element_type=\"container\" data-e-type=\"container\">\n\t\t\t\t<div class=\"elementor-element elementor-element-31bc6147 elementor-widget elementor-widget-image\" data-id=\"31bc6147\" data-element_type=\"widget\" data-e-type=\"widget\" data-widget_type=\"image.default\">\n\t\t\t\t<div class=\"elementor-widget-container\">\n\t\t\t\t\t\t\t\t\t\t\t\t\t\t\t<img fetchpriority=\"high\" decoding=\"async\" width=\"1810\" height=\"2560\" src=\"https:\/\/cultourmirdita.al\/wp-content\/uploads\/2024\/01\/Mirdita-Hartat-03-scaled.jpeg\" class=\"attachment-full size-full wp-image-245\" alt=\"\" srcset=\"https:\/\/cultourmirdita.al\/wp-content\/uploads\/2024\/01\/Mirdita-Hartat-03-scaled.jpeg 1810w, https:\/\/cultourmirdita.al\/wp-content\/uploads\/2024\/01\/Mirdita-Hartat-03-212x300.jpeg 212w, https:\/\/cultourmirdita.al\/wp-content\/uploads\/2024\/01\/Mirdita-Hartat-03-724x1024.jpeg 724w, https:\/\/cultourmirdita.al\/wp-content\/uploads\/2024\/01\/Mirdita-Hartat-03-768x1086.jpeg 768w, https:\/\/cultourmirdita.al\/wp-content\/uploads\/2024\/01\/Mirdita-Hartat-03-1086x1536.jpeg 1086w, https:\/\/cultourmirdita.al\/wp-content\/uploads\/2024\/01\/Mirdita-Hartat-03-1448x2048.jpeg 1448w, https:\/\/cultourmirdita.al\/wp-content\/uploads\/2024\/01\/Mirdita-Hartat-03-8x12.jpeg 8w\" sizes=\"(max-width: 1810px) 100vw, 1810px\" \/>\t\t\t\t\t\t\t\t\t\t\t\t\t\t\t<\/div>\n\t\t\t\t<\/div>\n\t\t\t\t<div class=\"elementor-element elementor-element-55381bcd elementor-widget elementor-widget-spacer\" data-id=\"55381bcd\" data-element_type=\"widget\" data-e-type=\"widget\" data-widget_type=\"spacer.default\">\n\t\t\t\t<div class=\"elementor-widget-container\">\n\t\t\t\t\t\t\t<div class=\"elementor-spacer\">\n\t\t\t<div class=\"elementor-spacer-inner\"><\/div>\n\t\t<\/div>\n\t\t\t\t\t\t<\/div>\n\t\t\t\t<\/div>\n\t\t\t\t<div class=\"elementor-element elementor-element-293dac70 elementor-widget elementor-widget-text-editor\" data-id=\"293dac70\" data-element_type=\"widget\" data-e-type=\"widget\" data-widget_type=\"text-editor.default\">\n\t\t\t\t<div class=\"elementor-widget-container\">\n\t\t\t\t\t\t\t\t\t<p>The third route again starts from the town of Rr\u00ebshen, but focuses on the traditional craftsmanship of the province. It begins with a visit to the atelier of <span style=\"font-family: Inter, arial; font-size: 18.6667px; font-style: normal; font-variant-ligatures: normal; font-variant-caps: normal; font-weight: 400;\">Mrs.\u00a0<\/span><a style=\"font-style: normal; font-variant-ligatures: normal; font-variant-caps: normal; font-weight: 400; font-size: 18.6667px; font-family: Inter, arial;\" href=\"https:\/\/cultourmirdita.al\/artizant\/drane-fizi\/\">Drane Fizi<\/a>, which produces and decorates characteristic clothes of the Mirdita area. Since she has dedicated her whole life to this craft, Mrs. Fizi is well acquainted with the local culture and tradition, and is considering the possibility of expanding her business with a shop. After the visit and the conversation with him, the road continues to the historical center of the city, \"Abat Do\u00e7i\" square and the Palace of Culture, where the artistic life of the province flourishes.<\/p><div>\u00a0<span style=\"text-align: var(--text-align);\">Then it continues with one of the new agrotourisms in the area, \"Real Park\", where you can enjoy a traditional lunch, contemplate the pleasant nature around and have fun with friends and relatives. The road follows the track of the old road that connected Tirana with Kuk\u00ebs and stops in the village of G\u00ebziqi, where, on the left of the road, is the Ndrefana Church. Zterfana is thought to have been an important center of the Principality of Arb\u00ebr and the present church was built on the ruins of the abbey of Saint Mary, which must have been destroyed with the establishment of Ottoman rule in the XV century. The church has special historical importance because, precisely in it, the consul Theodor Ippen discovered the eagle coat of arms of the Principality of Arb\u00ebr, which continues to remain a symbol of the state and the Albanian nation to this day. After the visit to G\u00ebziq, we continue towards the village of Shpal, which got its name from the old church of Shpal (St. Paul), known as an assembly for the reconciliation of blood between the inhabitants of the area. Medieval Bilnishti, the seat of the noble house of the same name, was mentioned as early as 878 and was one of the most important ecclesiastical centers of Northern Albania, with not only the Benedictine abbey of Saint Paul and cult objects, but also a series of fortifications that still survive in the toponymy: Shkorret castle, Pre\u00e7i castle, Bazhella castle, etc. Opposite Bilnishti is the archaeological site of Bukli, where an important arboretum necropolis was discovered in 1963.\u00a0<\/span><br \/><span style=\"text-align: var(--text-align);\">\u00a0\u00a0<\/span><\/div><div><div>The itinerary continues with the Spa\u00e7i prison-camp, among the most important places of memory of the totalitarian period. The labor camp for the exploitation of the copper and pyrite mine in Spa\u00e7 operated during the years 1968-88 and housed about 1000 prisoners. The complex contains seven buildings that belong to the part of the prison, but also other buildings with different functions, since the exploitation of the mine was not only carried out with the work of prisoners. The buildings are typical socialist style, utilitarian and with regular shapes. Today they are in a completely dilapidated state.\u00a0<\/div><\/div>\t\t\t\t\t\t\t\t<\/div>\n\t\t\t\t<\/div>\n\t\t\t\t<div class=\"elementor-element elementor-element-63955ade elementor-widget elementor-widget-spacer\" data-id=\"63955ade\" data-element_type=\"widget\" data-e-type=\"widget\" data-widget_type=\"spacer.default\">\n\t\t\t\t<div class=\"elementor-widget-container\">\n\t\t\t\t\t\t\t<div class=\"elementor-spacer\">\n\t\t\t<div class=\"elementor-spacer-inner\"><\/div>\n\t\t<\/div>\n\t\t\t\t\t\t<\/div>\n\t\t\t\t<\/div>\n\t\t\t\t<\/div>\n\t\t\t\t\t<\/div>\n\t\t\t\t<\/div>\n\t\t\t\t<\/div>","protected":false},"excerpt":{"rendered":"<p>Shtegu i\u00a0tret\u00eb Itinerari i D\u00ebshmis\u00eb dhe i Kujtes\u00ebs Itinerari i tret\u00eb \u00ebsht\u00eb hartuar duke zgjedhur vende e ndalesa q\u00eb nuk jan\u00eb shum\u00eb t\u00eb frekuentuara prej vizitor\u00ebve, por t\u00eb cilat z\u00ebn\u00eb vend t\u00eb ve\u00e7ant\u00eb n\u00eb kujtes\u00ebn historike t\u00eb zon\u00ebs s\u00eb Mirdit\u00ebs e t\u00eb mbar\u00eb vendit. Ato mbulojn\u00eb nj\u00eb shtrirje t\u00eb madhe historike, qysh prej monumenteve t\u00eb [&hellip;]<\/p>\n","protected":false},"author":1,"featured_media":0,"parent":27,"menu_order":0,"comment_status":"closed","ping_status":"closed","template":"elementor_header_footer","meta":{"h5ap_radio_sources":[],"footnotes":""},"class_list":["post-232","page","type-page","status-publish","hentry"],"_links":{"self":[{"href":"https:\/\/cultourmirdita.al\/en\/wp-json\/wp\/v2\/pages\/232","targetHints":{"allow":["GET"]}}],"collection":[{"href":"https:\/\/cultourmirdita.al\/en\/wp-json\/wp\/v2\/pages"}],"about":[{"href":"https:\/\/cultourmirdita.al\/en\/wp-json\/wp\/v2\/types\/page"}],"author":[{"embeddable":true,"href":"https:\/\/cultourmirdita.al\/en\/wp-json\/wp\/v2\/users\/1"}],"replies":[{"embeddable":true,"href":"https:\/\/cultourmirdita.al\/en\/wp-json\/wp\/v2\/comments?post=232"}],"version-history":[{"count":65,"href":"https:\/\/cultourmirdita.al\/en\/wp-json\/wp\/v2\/pages\/232\/revisions"}],"predecessor-version":[{"id":4464,"href":"https:\/\/cultourmirdita.al\/en\/wp-json\/wp\/v2\/pages\/232\/revisions\/4464"}],"up":[{"embeddable":true,"href":"https:\/\/cultourmirdita.al\/en\/wp-json\/wp\/v2\/pages\/27"}],"wp:attachment":[{"href":"https:\/\/cultourmirdita.al\/en\/wp-json\/wp\/v2\/media?parent=232"}],"curies":[{"name":"wp","href":"https:\/\/api.w.org\/{rel}","templated":true}]}}