{"id":233,"date":"2024-01-04T15:17:24","date_gmt":"2024-01-04T14:17:24","guid":{"rendered":"https:\/\/cultourmirdita.al\/?page_id=233"},"modified":"2024-02-12T10:46:25","modified_gmt":"2024-02-12T09:46:25","slug":"shtegu-i-pare-itinerari-i-trashegimise-natyrore-dhe-kulturore-rubik","status":"publish","type":"page","link":"https:\/\/cultourmirdita.al\/en\/shtigje-mirditore\/shtegu-i-pare-itinerari-i-trashegimise-natyrore-dhe-kulturore-rubik\/","title":{"rendered":"Natural and Cultural Heritage Route"},"content":{"rendered":"<div data-elementor-type=\"wp-page\" data-elementor-id=\"233\" class=\"elementor elementor-233\">\n\t\t\t\t<div class=\"elementor-element elementor-element-a61d3e7 e-flex e-con-boxed e-con e-parent\" data-id=\"a61d3e7\" data-element_type=\"container\" data-e-type=\"container\" data-settings=\"{&quot;background_background&quot;:&quot;classic&quot;}\">\n\t\t\t\t\t<div class=\"e-con-inner\">\n\t\t<div class=\"elementor-element elementor-element-51e416d e-con-full e-flex e-con e-child\" data-id=\"51e416d\" data-element_type=\"container\" data-e-type=\"container\" data-settings=\"{&quot;background_background&quot;:&quot;classic&quot;}\">\n\t\t\t\t<\/div>\n\t\t<div class=\"elementor-element elementor-element-ab4d024 e-con-full e-flex e-con e-child\" data-id=\"ab4d024\" data-element_type=\"container\" data-e-type=\"container\" data-settings=\"{&quot;background_background&quot;:&quot;classic&quot;}\">\n\t\t\t\t<div class=\"elementor-element elementor-element-aaeec21 elementor-widget elementor-widget-heading\" data-id=\"aaeec21\" data-element_type=\"widget\" data-e-type=\"widget\" data-widget_type=\"heading.default\">\n\t\t\t\t<div class=\"elementor-widget-container\">\n\t\t\t\t\t<h2 class=\"elementor-heading-title elementor-size-default\">The first tour<\/h2>\t\t\t\t<\/div>\n\t\t\t\t<\/div>\n\t\t\t\t<div class=\"elementor-element elementor-element-c7a9c58 elementor-widget elementor-widget-heading\" data-id=\"c7a9c58\" data-element_type=\"widget\" data-e-type=\"widget\" data-widget_type=\"heading.default\">\n\t\t\t\t<div class=\"elementor-widget-container\">\n\t\t\t\t\t<h2 class=\"elementor-heading-title elementor-size-default\"><i>Natural and Cultural Heritage Route<\/i><\/h2>\t\t\t\t<\/div>\n\t\t\t\t<\/div>\n\t\t\t\t<\/div>\n\t\t<div class=\"elementor-element elementor-element-7f9150b e-con-full e-flex e-con e-child\" data-id=\"7f9150b\" data-element_type=\"container\" data-e-type=\"container\" data-settings=\"{&quot;background_background&quot;:&quot;classic&quot;}\">\n\t\t\t\t<div class=\"elementor-element elementor-element-ab36d97 elementor-widget elementor-widget-text-editor\" data-id=\"ab36d97\" data-element_type=\"widget\" data-e-type=\"widget\" data-widget_type=\"text-editor.default\">\n\t\t\t\t<div class=\"elementor-widget-container\">\n\t\t\t\t\t\t\t\t\t<p><span style=\"font-family: helvetica, arial, sans-serif;\"><span style=\"font-size: 14pt;\"><span style=\"font-weight: 400;\">The first tour is ideal for getting to know some natural treasures and cultural assets of the Mirdita area<\/span><\/span><span style=\"text-align: var(--text-align); font-size: 18.6667px;\">, as well as history, typical dwellings and outstanding personalities of culture, art and politics, prehistoric rock art, etc. The first part of the route requires the use of vehicles, while the second part involves walking and easy-moderate hiking, which will require suitable clothing, as well as water and snacks.<\/span><\/span><\/p>\t\t\t\t\t\t\t\t<\/div>\n\t\t\t\t<\/div>\n\t\t\t\t<\/div>\n\t\t<div class=\"elementor-element elementor-element-613fb55 e-con-full e-flex e-con e-child\" data-id=\"613fb55\" data-element_type=\"container\" data-e-type=\"container\">\n\t\t\t\t<div class=\"elementor-element elementor-element-92cb1d1 elementor-widget elementor-widget-image\" data-id=\"92cb1d1\" data-element_type=\"widget\" data-e-type=\"widget\" data-widget_type=\"image.default\">\n\t\t\t\t<div class=\"elementor-widget-container\">\n\t\t\t\t\t\t\t\t\t\t\t\t\t\t\t<img fetchpriority=\"high\" decoding=\"async\" width=\"1817\" height=\"2560\" src=\"https:\/\/cultourmirdita.al\/wp-content\/uploads\/2024\/01\/Mirdita-Hartat-01-1-scaled.jpeg\" class=\"attachment-full size-full wp-image-696\" alt=\"\" srcset=\"https:\/\/cultourmirdita.al\/wp-content\/uploads\/2024\/01\/Mirdita-Hartat-01-1-scaled.jpeg 1817w, https:\/\/cultourmirdita.al\/wp-content\/uploads\/2024\/01\/Mirdita-Hartat-01-1-213x300.jpeg 213w, https:\/\/cultourmirdita.al\/wp-content\/uploads\/2024\/01\/Mirdita-Hartat-01-1-727x1024.jpeg 727w, https:\/\/cultourmirdita.al\/wp-content\/uploads\/2024\/01\/Mirdita-Hartat-01-1-768x1082.jpeg 768w, https:\/\/cultourmirdita.al\/wp-content\/uploads\/2024\/01\/Mirdita-Hartat-01-1-1090x1536.jpeg 1090w, https:\/\/cultourmirdita.al\/wp-content\/uploads\/2024\/01\/Mirdita-Hartat-01-1-1453x2048.jpeg 1453w, https:\/\/cultourmirdita.al\/wp-content\/uploads\/2024\/01\/Mirdita-Hartat-01-1-9x12.jpeg 9w, https:\/\/cultourmirdita.al\/wp-content\/uploads\/2024\/01\/Mirdita-Hartat-01-1-106x150.jpeg 106w, https:\/\/cultourmirdita.al\/wp-content\/uploads\/2024\/01\/Mirdita-Hartat-01-1-100x141.jpeg 100w, https:\/\/cultourmirdita.al\/wp-content\/uploads\/2024\/01\/Mirdita-Hartat-01-1-248x350.jpeg 248w, https:\/\/cultourmirdita.al\/wp-content\/uploads\/2024\/01\/Mirdita-Hartat-01-1-788x1110.jpeg 788w\" sizes=\"(max-width: 1817px) 100vw, 1817px\" \/>\t\t\t\t\t\t\t\t\t\t\t\t\t\t\t<\/div>\n\t\t\t\t<\/div>\n\t\t\t\t<div class=\"elementor-element elementor-element-9a6524d elementor-widget elementor-widget-spacer\" data-id=\"9a6524d\" data-element_type=\"widget\" data-e-type=\"widget\" data-widget_type=\"spacer.default\">\n\t\t\t\t<div class=\"elementor-widget-container\">\n\t\t\t\t\t\t\t<div class=\"elementor-spacer\">\n\t\t\t<div class=\"elementor-spacer-inner\"><\/div>\n\t\t<\/div>\n\t\t\t\t\t\t<\/div>\n\t\t\t\t<\/div>\n\t\t\t\t<div class=\"elementor-element elementor-element-782cdf85 elementor-widget elementor-widget-text-editor\" data-id=\"782cdf85\" data-element_type=\"widget\" data-e-type=\"widget\" data-widget_type=\"text-editor.default\">\n\t\t\t\t<div class=\"elementor-widget-container\">\n\t\t\t\t\t\t\t\t\t<p>This itinerary starts from <b>InfoKulla<\/b> for a overview on the history of the area. There are digital materials, small maps and other resources that get to know you better\u00a0<span style=\"font-family: 'Helvetica Neue', sans-serif; font-size: 16px; font-style: normal; font-variant-ligatures: normal; font-variant-caps: normal; font-weight: 400; text-align: var(--text-align);\">about the history of the area.<br \/><\/span><span style=\"text-align: var(--text-align);\">The itinerary starts from the InfoKulla, where there is an opportunity to get to know the history of the area better through digital materials, maps and other resources displayed there<\/span><span style=\"text-align: var(--text-align);\">.<\/span><\/p><p>\u00a0<\/p><p>The journey continues by vehicle to the residence of Abbot Prend Do\u00e7i, declared a Category II Cultural Monument. Abbot Do\u00e7i was one of the most important personalities of the National Renaissance and the beginning of the 20th century in Albania, who played a major role in important moments of the country's political and cultural developments - especially as regards the Albanian language and literature. He is known as a thinker, poet, publicist, political and cultural activist, founder of the cultural society \"Bashkimi\" and the Literary Commission, which defined today's Latin alphabet of Albanian. Despite the fact that his authority and influence on contemporary personalities was very great, the outstanding contribution of the Abbot of Mirdita, as well as of many other figures of Catholic prelates, has been studied and little known in Albanian history. Although still inhabited, Abbot Do\u00e7i's house is in a dilapidated state.\u00a0<\/p><p>\u00a0<\/p><p>Then, the journey continues on the other side of the road, in the city of Rubiku, where it stops at the \"Abat Do\u00e7i\" Cultural Center, where the artistic life is alive and various cultural activities are organized.\u00a0<\/p><p>\u00a0<\/p><p>Next, we stop to visit the Church of the Assembly (Monastery) of Rubik or the Church of Redemption, an important monument of architectural cultural heritage in the municipality of Mirdita and in the district of Lezha. The Rubik Monastery Church has been mentioned as a Benedictine abbey since 1166. The building is a church with an east-west oriented nave (apse-main entrance), Norman style, with a cross-shaped layout and a maximum height of 13.86 m , which still serves the faithful today.<\/p><p>\u00a0<\/p><p>After the visit to the Church, the hiking trail begins, of easy-medium level and can be done by visitors of all ages. Along this path, which lasts about two and a half hours, you will have the opportunity to enjoy the natural beauty, prehistoric art, as well as the castle (old walls and part of old defensive towers, which the inhabitants have named so).<\/p><p>The route ends at the Marubin hotel, where you can have dinner and spend the night.<\/p>\t\t\t\t\t\t\t\t<\/div>\n\t\t\t\t<\/div>\n\t\t\t\t<div class=\"elementor-element elementor-element-d3206a0 elementor-widget elementor-widget-spacer\" data-id=\"d3206a0\" data-element_type=\"widget\" data-e-type=\"widget\" data-widget_type=\"spacer.default\">\n\t\t\t\t<div class=\"elementor-widget-container\">\n\t\t\t\t\t\t\t<div class=\"elementor-spacer\">\n\t\t\t<div class=\"elementor-spacer-inner\"><\/div>\n\t\t<\/div>\n\t\t\t\t\t\t<\/div>\n\t\t\t\t<\/div>\n\t\t\t\t<\/div>\n\t\t\t\t\t<\/div>\n\t\t\t\t<\/div>\n\t\t\t\t<\/div>","protected":false},"excerpt":{"rendered":"<p>Shtegu i par\u00eb Itinerari i Trash\u00ebgimis\u00eb Natyrore dhe Kulturore Itinerari i par\u00eb \u00ebsht\u00eb ideal p\u00ebr t&#8217;u njohur me disa pasuri t\u00eb vyera natyrore dhe kulturore t\u00eb zon\u00ebs s\u00eb Mirdit\u00ebs, si dhe historin\u00eb, banesat tipike e personalitet e shquara t\u00eb kultur\u00ebs, artit dhe politik\u00ebs, artin shk\u00ebmbor prehistorik etj. Pjesa e par\u00eb t\u00eb itinerarit k\u00ebrkon p\u00ebrdorimin e [&hellip;]<\/p>\n","protected":false},"author":1,"featured_media":0,"parent":27,"menu_order":0,"comment_status":"closed","ping_status":"closed","template":"elementor_header_footer","meta":{"h5ap_radio_sources":[],"footnotes":""},"class_list":["post-233","page","type-page","status-publish","hentry"],"_links":{"self":[{"href":"https:\/\/cultourmirdita.al\/en\/wp-json\/wp\/v2\/pages\/233","targetHints":{"allow":["GET"]}}],"collection":[{"href":"https:\/\/cultourmirdita.al\/en\/wp-json\/wp\/v2\/pages"}],"about":[{"href":"https:\/\/cultourmirdita.al\/en\/wp-json\/wp\/v2\/types\/page"}],"author":[{"embeddable":true,"href":"https:\/\/cultourmirdita.al\/en\/wp-json\/wp\/v2\/users\/1"}],"replies":[{"embeddable":true,"href":"https:\/\/cultourmirdita.al\/en\/wp-json\/wp\/v2\/comments?post=233"}],"version-history":[{"count":209,"href":"https:\/\/cultourmirdita.al\/en\/wp-json\/wp\/v2\/pages\/233\/revisions"}],"predecessor-version":[{"id":4461,"href":"https:\/\/cultourmirdita.al\/en\/wp-json\/wp\/v2\/pages\/233\/revisions\/4461"}],"up":[{"embeddable":true,"href":"https:\/\/cultourmirdita.al\/en\/wp-json\/wp\/v2\/pages\/27"}],"wp:attachment":[{"href":"https:\/\/cultourmirdita.al\/en\/wp-json\/wp\/v2\/media?parent=233"}],"curies":[{"name":"wp","href":"https:\/\/api.w.org\/{rel}","templated":true}]}}