{"id":242,"date":"2024-01-04T23:41:14","date_gmt":"2024-01-04T22:41:14","guid":{"rendered":"https:\/\/cultourmirdita.al\/?page_id=242"},"modified":"2024-02-12T10:46:23","modified_gmt":"2024-02-12T09:46:23","slug":"shtegu-i-dyte-itinerari-kulturor-i-kulinarise-dhe-i-aventures-rreshen","status":"publish","type":"page","link":"https:\/\/cultourmirdita.al\/en\/shtigje-mirditore\/shtegu-i-dyte-itinerari-kulturor-i-kulinarise-dhe-i-aventures-rreshen\/","title":{"rendered":"Cultural and Adventure Route"},"content":{"rendered":"<div data-elementor-type=\"wp-page\" data-elementor-id=\"242\" class=\"elementor elementor-242\">\n\t\t\t\t<div class=\"elementor-element elementor-element-53f42e05 e-flex e-con-boxed e-con e-parent\" data-id=\"53f42e05\" data-element_type=\"container\" data-e-type=\"container\" data-settings=\"{&quot;background_background&quot;:&quot;classic&quot;}\">\n\t\t\t\t\t<div class=\"e-con-inner\">\n\t\t<div class=\"elementor-element elementor-element-56ee7705 e-con-full e-flex e-con e-child\" data-id=\"56ee7705\" data-element_type=\"container\" data-e-type=\"container\" data-settings=\"{&quot;background_background&quot;:&quot;classic&quot;}\">\n\t\t\t\t<\/div>\n\t\t<div class=\"elementor-element elementor-element-635045ca e-con-full e-flex e-con e-child\" data-id=\"635045ca\" data-element_type=\"container\" data-e-type=\"container\" data-settings=\"{&quot;background_background&quot;:&quot;classic&quot;}\">\n\t\t\t\t<div class=\"elementor-element elementor-element-25e38e23 elementor-widget elementor-widget-heading\" data-id=\"25e38e23\" data-element_type=\"widget\" data-e-type=\"widget\" data-widget_type=\"heading.default\">\n\t\t\t\t<div class=\"elementor-widget-container\">\n\t\t\t\t\t<h2 class=\"elementor-heading-title elementor-size-default\">The second tour<\/h2>\t\t\t\t<\/div>\n\t\t\t\t<\/div>\n\t\t\t\t<div class=\"elementor-element elementor-element-4aebe19f elementor-widget elementor-widget-heading\" data-id=\"4aebe19f\" data-element_type=\"widget\" data-e-type=\"widget\" data-widget_type=\"heading.default\">\n\t\t\t\t<div class=\"elementor-widget-container\">\n\t\t\t\t\t<h2 class=\"elementor-heading-title elementor-size-default\">Cultural and Adventure Itinerary, Rr\u00ebshen<\/h2>\t\t\t\t<\/div>\n\t\t\t\t<\/div>\n\t\t\t\t<\/div>\n\t\t<div class=\"elementor-element elementor-element-42fd827d e-con-full e-flex e-con e-child\" data-id=\"42fd827d\" data-element_type=\"container\" data-e-type=\"container\" data-settings=\"{&quot;background_background&quot;:&quot;classic&quot;}\">\n\t\t\t\t<div class=\"elementor-element elementor-element-4015cc6 elementor-widget elementor-widget-text-editor\" data-id=\"4015cc6\" data-element_type=\"widget\" data-e-type=\"widget\" data-widget_type=\"text-editor.default\">\n\t\t\t\t<div class=\"elementor-widget-container\">\n\t\t\t\t\t\t\t\t\t<p><span style=\"font-size: 18.6667px;\">The second route starts with the historical center of the city of Rr\u00ebshen and ends with the Val Cave. It is divided into three parts, two of which can be done on foot or hiking, while one of them requires the use of a vehicle. The last part of the route requires about two hours of easy-moderate hiking, which can be done by all ages and requires suitable clothing, water and snacks. The itinerary offers visitors a diverse experience of the Rr\u00ebshen region, which includes classical and interactive cultural tourism, tasting the specialties of the area, traditional and industrial architecture, as well as the natural peculiarities of the province.\u00a0<\/span><\/p>\t\t\t\t\t\t\t\t<\/div>\n\t\t\t\t<\/div>\n\t\t\t\t<\/div>\n\t\t<div class=\"elementor-element elementor-element-28e1d43a e-con-full e-flex e-con e-child\" data-id=\"28e1d43a\" data-element_type=\"container\" data-e-type=\"container\">\n\t\t\t\t<div class=\"elementor-element elementor-element-283cd8cc elementor-widget elementor-widget-image\" data-id=\"283cd8cc\" data-element_type=\"widget\" data-e-type=\"widget\" data-widget_type=\"image.default\">\n\t\t\t\t<div class=\"elementor-widget-container\">\n\t\t\t\t\t\t\t\t\t\t\t\t\t\t\t<img fetchpriority=\"high\" decoding=\"async\" width=\"1810\" height=\"2560\" src=\"https:\/\/cultourmirdita.al\/wp-content\/uploads\/2024\/01\/Mirdita-Hartat-02-scaled.jpeg\" class=\"attachment-full size-full wp-image-244\" alt=\"\" srcset=\"https:\/\/cultourmirdita.al\/wp-content\/uploads\/2024\/01\/Mirdita-Hartat-02-scaled.jpeg 1810w, https:\/\/cultourmirdita.al\/wp-content\/uploads\/2024\/01\/Mirdita-Hartat-02-212x300.jpeg 212w, https:\/\/cultourmirdita.al\/wp-content\/uploads\/2024\/01\/Mirdita-Hartat-02-724x1024.jpeg 724w, https:\/\/cultourmirdita.al\/wp-content\/uploads\/2024\/01\/Mirdita-Hartat-02-768x1086.jpeg 768w, https:\/\/cultourmirdita.al\/wp-content\/uploads\/2024\/01\/Mirdita-Hartat-02-1086x1536.jpeg 1086w, https:\/\/cultourmirdita.al\/wp-content\/uploads\/2024\/01\/Mirdita-Hartat-02-1448x2048.jpeg 1448w, https:\/\/cultourmirdita.al\/wp-content\/uploads\/2024\/01\/Mirdita-Hartat-02-8x12.jpeg 8w\" sizes=\"(max-width: 1810px) 100vw, 1810px\" \/>\t\t\t\t\t\t\t\t\t\t\t\t\t\t\t<\/div>\n\t\t\t\t<\/div>\n\t\t\t\t<div class=\"elementor-element elementor-element-483ae976 elementor-widget elementor-widget-spacer\" data-id=\"483ae976\" data-element_type=\"widget\" data-e-type=\"widget\" data-widget_type=\"spacer.default\">\n\t\t\t\t<div class=\"elementor-widget-container\">\n\t\t\t\t\t\t\t<div class=\"elementor-spacer\">\n\t\t\t<div class=\"elementor-spacer-inner\"><\/div>\n\t\t<\/div>\n\t\t\t\t\t\t<\/div>\n\t\t\t\t<\/div>\n\t\t\t\t<div class=\"elementor-element elementor-element-2562e14f elementor-widget elementor-widget-text-editor\" data-id=\"2562e14f\" data-element_type=\"widget\" data-e-type=\"widget\" data-widget_type=\"text-editor.default\">\n\t\t\t\t<div class=\"elementor-widget-container\">\n\t\t\t\t\t\t\t\t\t<p><span style=\"text-align: var(--text-align);\">The itinerary starts from the historical center of the city of Rr\u00ebshen, where we can stop for a refreshing drink and then visit the center, where the Palace of Culture and the Historical Museum of the city are located. These two stops are meant to give us the opportunity to learn more about the history, ethnography and culture of the area, through various exhibits of artefacts from the area and accompanying explanations.<br \/>We will also visit the Rr\u00ebshen Church, which is a very important monument of this mainly Christian town.<\/span><\/p><p>\u00a0<\/p><p>Further, the vehicle is needed to continue with the tasting at the Arb\u00ebri Wine Cellar, where, in addition to learning about the breeding techniques of wine production, there is also the opportunity to taste the wines and typical foods of the area.<br \/>After lunch, the journey continues to a curiosity of Albanian industrial architecture: the Tranazhi bridge, the longest railway bridge in the country, which was completed in 1989 and never used.<br \/>After the bridge, the next stop is the guesthouse N'KANU, a small family agrotourism that allows not only lodging for that night, but also a visit to the almost two-century-old tower of Dodaj nearby, an example of the characteristic architecture of Rreshen, as well as to the Castle \"Duke\" by the side of the road.<\/p><p>The journey by vehicle continues to the beginning of the Val Cave trail, which lasts about an hour on foot and offers the opportunity to visit and enjoy a number of natural beauties: the village of Perlat; the mountains of Selita, Mulli-Did\u00eb-Valmor, with a height of 1300-1500 m above sea level; as well as the wonderful valley of Uraka that separates the latter.<\/p><p>Vali Cave is located on the edge of the field that bears the same name and has the appearance of a natural castle of large limestone massifs. The length in the west-east direction is about 90 m and ends in two exits, one of which is thought to be connected through a labyrinth with the Neziri Cave in Bru\u00e7, which has archaeological and historical value for the antiquity of the area; while the width in the north-south direction varies from 50 to 60 m. In the center of the cave there is a funnel chimney from the surface to its back, which is perpendicular to the depth connecting the external environment with the interior of the cave. The chimney has a diameter of about 10 to 15 m and a depth to the surface of 20 to 25 m, which proves the thickness of the rock layer and the soil covering the cave. The rocks themselves are organic, with clear solidity and calcareous composition, which may be unique in the entire hill system of the area, which is rich in upper carbonates that are greatly affected by the erosion of flowing waters, which explains the variety of forms of their weights.\u00a0<\/p><div>\u00a0<\/div>\t\t\t\t\t\t\t\t<\/div>\n\t\t\t\t<\/div>\n\t\t\t\t<div class=\"elementor-element elementor-element-6f083596 elementor-widget elementor-widget-spacer\" data-id=\"6f083596\" data-element_type=\"widget\" data-e-type=\"widget\" data-widget_type=\"spacer.default\">\n\t\t\t\t<div class=\"elementor-widget-container\">\n\t\t\t\t\t\t\t<div class=\"elementor-spacer\">\n\t\t\t<div class=\"elementor-spacer-inner\"><\/div>\n\t\t<\/div>\n\t\t\t\t\t\t<\/div>\n\t\t\t\t<\/div>\n\t\t\t\t<\/div>\n\t\t\t\t\t<\/div>\n\t\t\t\t<\/div>\n\t\t\t\t<\/div>","protected":false},"excerpt":{"rendered":"<p>Shtegu i dyt\u00eb Itinerari Kulturor i Kulinaris\u00eb dhe i Aventur\u00ebs, Rr\u00ebshen Itinerari i dyt\u00eb fillon me qendr\u00ebn historike t\u00eb qytetit t\u00eb Rr\u00ebshenit dhe p\u00ebrfundon me Shpell\u00ebn e Valit. Ndahet n\u00eb tri pjes\u00eb, prej t\u00eb cilave dy mund t\u00eb b\u00ebhen me k\u00ebmb\u00eb apo hiking, nd\u00ebrsa nj\u00eb syresh k\u00ebrkon p\u00ebrdorimin e nj\u00eb automjeti. Pjesa e fundit e [&hellip;]<\/p>\n","protected":false},"author":1,"featured_media":0,"parent":27,"menu_order":0,"comment_status":"closed","ping_status":"closed","template":"elementor_header_footer","meta":{"h5ap_radio_sources":[],"footnotes":""},"class_list":["post-242","page","type-page","status-publish","hentry"],"_links":{"self":[{"href":"https:\/\/cultourmirdita.al\/en\/wp-json\/wp\/v2\/pages\/242","targetHints":{"allow":["GET"]}}],"collection":[{"href":"https:\/\/cultourmirdita.al\/en\/wp-json\/wp\/v2\/pages"}],"about":[{"href":"https:\/\/cultourmirdita.al\/en\/wp-json\/wp\/v2\/types\/page"}],"author":[{"embeddable":true,"href":"https:\/\/cultourmirdita.al\/en\/wp-json\/wp\/v2\/users\/1"}],"replies":[{"embeddable":true,"href":"https:\/\/cultourmirdita.al\/en\/wp-json\/wp\/v2\/comments?post=242"}],"version-history":[{"count":60,"href":"https:\/\/cultourmirdita.al\/en\/wp-json\/wp\/v2\/pages\/242\/revisions"}],"predecessor-version":[{"id":4458,"href":"https:\/\/cultourmirdita.al\/en\/wp-json\/wp\/v2\/pages\/242\/revisions\/4458"}],"up":[{"embeddable":true,"href":"https:\/\/cultourmirdita.al\/en\/wp-json\/wp\/v2\/pages\/27"}],"wp:attachment":[{"href":"https:\/\/cultourmirdita.al\/en\/wp-json\/wp\/v2\/media?parent=242"}],"curies":[{"name":"wp","href":"https:\/\/api.w.org\/{rel}","templated":true}]}}