{"id":25,"date":"2023-12-12T18:01:49","date_gmt":"2023-12-12T17:01:49","guid":{"rendered":"https:\/\/cultourmirdita.al\/?page_id=25"},"modified":"2024-02-12T10:48:23","modified_gmt":"2024-02-12T09:48:23","slug":"artizant","status":"publish","type":"page","link":"https:\/\/cultourmirdita.al\/en\/artizant\/","title":{"rendered":"Artizan&#8217;t"},"content":{"rendered":"<div data-elementor-type=\"wp-page\" data-elementor-id=\"25\" class=\"elementor elementor-25\">\n\t\t\t\t<div class=\"elementor-element elementor-element-a09dc76 e-flex e-con-boxed e-con e-parent\" data-id=\"a09dc76\" data-element_type=\"container\" data-e-type=\"container\" data-settings=\"{&quot;background_background&quot;:&quot;classic&quot;}\">\n\t\t\t\t\t<div class=\"e-con-inner\">\n\t\t\t\t<div class=\"elementor-element elementor-element-ea496dd elementor-widget elementor-widget-spacer\" data-id=\"ea496dd\" data-element_type=\"widget\" data-e-type=\"widget\" data-widget_type=\"spacer.default\">\n\t\t\t\t<div class=\"elementor-widget-container\">\n\t\t\t\t\t\t\t<div class=\"elementor-spacer\">\n\t\t\t<div class=\"elementor-spacer-inner\"><\/div>\n\t\t<\/div>\n\t\t\t\t\t\t<\/div>\n\t\t\t\t<\/div>\n\t\t\t\t<div class=\"elementor-element elementor-element-3ce91c0 elementor-widget elementor-widget-heading\" data-id=\"3ce91c0\" data-element_type=\"widget\" data-e-type=\"widget\" data-widget_type=\"heading.default\">\n\t\t\t\t<div class=\"elementor-widget-container\">\n\t\t\t\t\t<h2 class=\"elementor-heading-title elementor-size-default\">Artisans of Mirdita<\/h2>\t\t\t\t<\/div>\n\t\t\t\t<\/div>\n\t\t\t\t<div class=\"elementor-element elementor-element-6cb546d elementor-widget elementor-widget-spacer\" data-id=\"6cb546d\" data-element_type=\"widget\" data-e-type=\"widget\" data-widget_type=\"spacer.default\">\n\t\t\t\t<div class=\"elementor-widget-container\">\n\t\t\t\t\t\t\t<div class=\"elementor-spacer\">\n\t\t\t<div class=\"elementor-spacer-inner\"><\/div>\n\t\t<\/div>\n\t\t\t\t\t\t<\/div>\n\t\t\t\t<\/div>\n\t\t\t\t<div class=\"elementor-element elementor-element-24b272f elementor-widget elementor-widget-spacer\" data-id=\"24b272f\" data-element_type=\"widget\" data-e-type=\"widget\" data-widget_type=\"spacer.default\">\n\t\t\t\t<div class=\"elementor-widget-container\">\n\t\t\t\t\t\t\t<div class=\"elementor-spacer\">\n\t\t\t<div class=\"elementor-spacer-inner\"><\/div>\n\t\t<\/div>\n\t\t\t\t\t\t<\/div>\n\t\t\t\t<\/div>\n\t\t\t\t\t<\/div>\n\t\t\t\t<\/div>\n\t\t\t\t<\/div>","protected":false},"excerpt":{"rendered":"<p>Artizan\u00ebt e Mirdit\u00ebs Adelina P\u00ebrleka Lexo m\u00eb shum\u00eb&#8230; Anila Vokrri Lexo m\u00eb shum\u00eb&#8230; Drane Fizi Lexo m\u00eb shum\u00eb&#8230; Elida Vocaj Lexo m\u00eb shum\u00eb&#8230; Gezim Pershqefa Lexo m\u00eb shum\u00eb&#8230; Gjelina Lika Lexo m\u00eb shum\u00eb&#8230; Mirela Pepkola Lexo m\u00eb shum\u00eb&#8230; Pashk\u00eb Marku Lexo m\u00eb shum\u00eb&#8230;<\/p>","protected":false},"author":1,"featured_media":0,"parent":0,"menu_order":0,"comment_status":"closed","ping_status":"closed","template":"elementor_header_footer","meta":{"h5ap_radio_sources":[],"footnotes":""},"class_list":["post-25","page","type-page","status-publish","hentry"],"_links":{"self":[{"href":"https:\/\/cultourmirdita.al\/en\/wp-json\/wp\/v2\/pages\/25","targetHints":{"allow":["GET"]}}],"collection":[{"href":"https:\/\/cultourmirdita.al\/en\/wp-json\/wp\/v2\/pages"}],"about":[{"href":"https:\/\/cultourmirdita.al\/en\/wp-json\/wp\/v2\/types\/page"}],"author":[{"embeddable":true,"href":"https:\/\/cultourmirdita.al\/en\/wp-json\/wp\/v2\/users\/1"}],"replies":[{"embeddable":true,"href":"https:\/\/cultourmirdita.al\/en\/wp-json\/wp\/v2\/comments?post=25"}],"version-history":[{"count":248,"href":"https:\/\/cultourmirdita.al\/en\/wp-json\/wp\/v2\/pages\/25\/revisions"}],"predecessor-version":[{"id":4680,"href":"https:\/\/cultourmirdita.al\/en\/wp-json\/wp\/v2\/pages\/25\/revisions\/4680"}],"wp:attachment":[{"href":"https:\/\/cultourmirdita.al\/en\/wp-json\/wp\/v2\/media?parent=25"}],"curies":[{"name":"wp","href":"https:\/\/api.w.org\/{rel}","templated":true}]}}