{"id":27,"date":"2023-12-12T18:02:07","date_gmt":"2023-12-12T17:02:07","guid":{"rendered":"https:\/\/cultourmirdita.al\/?page_id=27"},"modified":"2024-02-13T03:27:18","modified_gmt":"2024-02-13T02:27:18","slug":"shtigje-mirditore","status":"publish","type":"page","link":"https:\/\/cultourmirdita.al\/en\/shtigje-mirditore\/","title":{"rendered":"Mirdita Itineraries"},"content":{"rendered":"<div data-elementor-type=\"wp-page\" data-elementor-id=\"27\" class=\"elementor elementor-27\">\n\t\t\t\t<div class=\"elementor-element elementor-element-6467320 e-flex e-con-boxed e-con e-parent\" data-id=\"6467320\" data-element_type=\"container\" data-e-type=\"container\">\n\t\t\t\t\t<div class=\"e-con-inner\">\n\t\t\t\t<div class=\"elementor-element elementor-element-5707b69 elementor-widget elementor-widget-heading\" data-id=\"5707b69\" data-element_type=\"widget\" data-e-type=\"widget\" data-widget_type=\"heading.default\">\n\t\t\t\t<div class=\"elementor-widget-container\">\n\t\t\t\t\t<h1 class=\"elementor-heading-title elementor-size-default\">Mirdita Itineraries<\/h1>\t\t\t\t<\/div>\n\t\t\t\t<\/div>\n\t\t\t\t<div class=\"elementor-element elementor-element-e740136 elementor-widget elementor-widget-text-editor\" data-id=\"e740136\" data-element_type=\"widget\" data-e-type=\"widget\" data-widget_type=\"text-editor.default\">\n\t\t\t\t<div class=\"elementor-widget-container\">\n\t\t\t\t\t\t\t\t\t<p><span style=\"font-weight: 400;\">Mirdita is an area rich in natural resources, ancient and well-preserved traditions, history, folklore and non-material wealth, which should not be ignored, but rather discovered, known, looked after and protected.\u00a0<\/span><\/p><p><span style=\"font-weight: 400;\">The Cultour Mirdita Project aims to get you better acquainted with this rich and preserving region, as well as easing its acquaintance and exploration, enabling you to take the first steps into your own journey in Mirdita.\u00a0<\/span><\/p><p><span style=\"font-weight: 400;\">Among others, we have created three itineraries, which offer and present some of the manifold touristic opportunities in the area. To begin with, we identified all the landmarks that held interest - whether touristic, cultural or artisanal - and afterwards we built three special itineraries, which we digitalized to make them more accessible.\u00a0<\/span><\/p><p><span style=\"font-weight: 400;\">Visiting these landmarks and getting acquainted with the various local products, will draw you in to buying them, thus helping local craftwork, as well as letting your friends and family know, so that they too may get to appreciate them. All of the carefully selected landmarks represent both the past and the future of the Mirdita area, which is why we invite you to support them by visiting, tasting and spreading the good word about the area and its product.\u00a0<\/span><\/p><p><span style=\"font-weight: 400;\">Mirdita is preparing to receive you, by slowly and sustainably developing its agritourism, craftwork and bed-and-breakfasts. \nShe awaits your visit, so that she may welcome you generously and warmly.\u00a0<\/span><\/p><p><span style=\"font-weight: 400;\">Welcome to Mirdita!<\/span><\/p>\t\t\t\t\t\t\t\t<\/div>\n\t\t\t\t<\/div>\n\t\t\t\t<div class=\"elementor-element elementor-element-054c67b elementor-widget elementor-widget-spacer\" data-id=\"054c67b\" data-element_type=\"widget\" data-e-type=\"widget\" data-widget_type=\"spacer.default\">\n\t\t\t\t<div class=\"elementor-widget-container\">\n\t\t\t\t\t\t\t<div class=\"elementor-spacer\">\n\t\t\t<div class=\"elementor-spacer-inner\"><\/div>\n\t\t<\/div>\n\t\t\t\t\t\t<\/div>\n\t\t\t\t<\/div>\n\t\t\t\t<div class=\"elementor-element elementor-element-be97e38 elementor-hidden-desktop elementor-hidden-tablet elementor-hidden-mobile elementor-widget elementor-widget-heading\" data-id=\"be97e38\" data-element_type=\"widget\" data-e-type=\"widget\" data-widget_type=\"heading.default\">\n\t\t\t\t<div class=\"elementor-widget-container\">\n\t\t\t\t\t<h2 class=\"elementor-heading-title elementor-size-default\">Kulla n\u00eb Mirdit\u00eb<\/h2>\t\t\t\t<\/div>\n\t\t\t\t<\/div>\n\t\t\t\t<div class=\"elementor-element elementor-element-e6388a6 elementor-hidden-desktop elementor-hidden-tablet elementor-hidden-mobile elementor-widget elementor-widget-text-editor\" data-id=\"e6388a6\" data-element_type=\"widget\" data-e-type=\"widget\" data-widget_type=\"text-editor.default\">\n\t\t\t\t<div class=\"elementor-widget-container\">\n\t\t\t\t\t\t\t\t\t<ul><li><span style=\"font-weight: 400;\">Kulla e Brozit, Perlat- Kthell\u00eb, Mirdit\u00eb<\/span><\/li><li><span style=\"font-weight: 400;\">Kulla e Dodajve, Perlat, Mirdit\u00eb (foto 1)<\/span><\/li><li><span style=\"font-weight: 400;\">Kod\u00ebr-Spa\u00e7, Mirdit\u00eb<\/span><\/li><li><span style=\"font-weight: 400;\">Kulla e Pjet\u00ebr Gjur\u00ebs<\/span><\/li><li><span style=\"font-weight: 400;\">Kulla shekullore e Ndrec\u00eb Kacorrit, Lufaj, Selit\u00eb, Mirdit\u00eb<\/span><\/li><li><span style=\"font-weight: 400;\">Kulla e Zef Dod\u00eb Ndrec\u00ebs, Kod\u00ebr-Spa\u00e7, Mirdit\u00eb (foto 1)<\/span><\/li><li><span style=\"font-weight: 400;\">Kulla 200-vje\u00e7are e Kros Gjet\u00eb Duk\u00ebs (Maces), Perlat, Mirdit\u00eb<\/span><\/li><li><span style=\"font-weight: 400;\">Kull\u00eb shekullore, Bardhaj, Selit\u00eb, Mirdit\u00eb<\/span><\/li><li><span style=\"font-weight: 400;\">Kulla e Dodajve (foto 2)<\/span><\/li><li><span style=\"font-weight: 400;\">Kull\u00eb 200-vje\u00e7are, Kumbull e Selit\u00ebs, Mirdit\u00eb<\/span><\/li><li><span style=\"font-weight: 400;\">Portiku i nj\u00eb kulle shekullore, Prosek, Mirdit\u00eb<\/span><\/li><li><span style=\"font-weight: 400;\">Portiku i nj\u00eb kulle shekullore n\u00eb Blinisht, Mirdit\u00eb<\/span><\/li><li><span style=\"font-weight: 400;\">Kulla e Perlesit, mbi 200-vje\u00e7are, Rubik, Mirdit\u00eb<\/span><\/li><li><span style=\"font-weight: 400;\">Kulla shekullore e Mardo\u00e7it, Sheb\u00eb, Mirdit\u00eb<\/span><\/li><li><span style=\"font-weight: 400;\">Kulla e Pashajve, Gjocaj, Selit\u00eb, Mirdit\u00eb<\/span><\/li><li><span style=\"font-weight: 400;\">Kull\u00eb shekullore, Livadhes, Ka\u00e7inar, Mirdit\u00eb.<\/span><\/li><li><span style=\"font-weight: 400;\">Portik kulle, N\u00ebnshejt, Orosh, Mirdit\u00eb.<\/span><\/li><li><span style=\"font-weight: 400;\">Kulla e Mark Tucit, Bardhaj, Selit\u00eb, Mirdit\u00eb<br \/><\/span><\/li><li><span style=\"font-weight: 400;\">Portiku i Kull\u00ebs s\u00eb Gjet Markut, Perlat, Mirdit\u00eb. (<\/span>Kulla mban statusit, Monument Kulture i Kategoris\u00eb s\u00eb I-r\u00eb.)<\/li><li>Kulla e Zef Dod\u00eb Ndrec\u00ebs, Kod\u00ebr-Spa\u00e7, Mirdit\u00eb (foto 2)<\/li><\/ul><ul><li><span style=\"font-weight: 400;\">Portik kulle shekullore, Blinisht, Mirdit\u00eb<\/span><\/li><\/ul>\t\t\t\t\t\t\t\t<\/div>\n\t\t\t\t<\/div>\n\t\t\t\t\t<\/div>\n\t\t\t\t<\/div>\n\t\t\t\t<\/div>","protected":false},"excerpt":{"rendered":"<p>Shtigje mirditore Mirdita \u00ebsht\u00eb trev\u00eb e begat\u00eb n\u00eb burime natyrore, tradita t\u00eb mo\u00e7me e t\u00eb ruajtura m\u00eb s\u00eb miri, histori, goj\u00ebdh\u00ebna dhe pasuri jomateriale, t\u00eb cilat nuk duhen shp\u00ebrfillur, por zbuluar, njohur, p\u00ebrkujdesur e mbrojtur.\u00a0 Projekti Cultour Mirdita ka p\u00ebr q\u00ebllim t\u2019ju njoh\u00eb me k\u00ebt\u00eb krahin\u00eb t\u00eb pasur e q\u00ebndrestare, si dhe t\u2019jua leht\u00ebsoj\u00eb njohjen [&hellip;]<\/p>\n","protected":false},"author":1,"featured_media":0,"parent":0,"menu_order":0,"comment_status":"closed","ping_status":"closed","template":"elementor_header_footer","meta":{"h5ap_radio_sources":[],"footnotes":""},"class_list":["post-27","page","type-page","status-publish","hentry"],"_links":{"self":[{"href":"https:\/\/cultourmirdita.al\/en\/wp-json\/wp\/v2\/pages\/27","targetHints":{"allow":["GET"]}}],"collection":[{"href":"https:\/\/cultourmirdita.al\/en\/wp-json\/wp\/v2\/pages"}],"about":[{"href":"https:\/\/cultourmirdita.al\/en\/wp-json\/wp\/v2\/types\/page"}],"author":[{"embeddable":true,"href":"https:\/\/cultourmirdita.al\/en\/wp-json\/wp\/v2\/users\/1"}],"replies":[{"embeddable":true,"href":"https:\/\/cultourmirdita.al\/en\/wp-json\/wp\/v2\/comments?post=27"}],"version-history":[{"count":113,"href":"https:\/\/cultourmirdita.al\/en\/wp-json\/wp\/v2\/pages\/27\/revisions"}],"predecessor-version":[{"id":4486,"href":"https:\/\/cultourmirdita.al\/en\/wp-json\/wp\/v2\/pages\/27\/revisions\/4486"}],"wp:attachment":[{"href":"https:\/\/cultourmirdita.al\/en\/wp-json\/wp\/v2\/media?parent=27"}],"curies":[{"name":"wp","href":"https:\/\/api.w.org\/{rel}","templated":true}]}}