{"id":3532,"date":"2024-01-30T07:59:36","date_gmt":"2024-01-30T06:59:36","guid":{"rendered":"https:\/\/cultourmirdita.al\/?page_id=3532"},"modified":"2024-02-12T10:12:31","modified_gmt":"2024-02-12T09:12:31","slug":"mapping","status":"publish","type":"page","link":"https:\/\/cultourmirdita.al\/en\/mapping\/","title":{"rendered":"Mapping"},"content":{"rendered":"<div data-elementor-type=\"wp-page\" data-elementor-id=\"3532\" class=\"elementor elementor-3532\">\n\t\t\t\t<div class=\"elementor-element elementor-element-045db32 e-flex e-con-boxed e-con e-parent\" data-id=\"045db32\" data-element_type=\"container\" data-e-type=\"container\">\n\t\t\t\t\t<div class=\"e-con-inner\">\n\t\t\t\t<div class=\"elementor-element elementor-element-87f6779 elementor-widget elementor-widget-image\" data-id=\"87f6779\" data-element_type=\"widget\" data-e-type=\"widget\" data-widget_type=\"image.default\">\n\t\t\t\t<div class=\"elementor-widget-container\">\n\t\t\t\t\t\t\t\t\t\t\t\t\t\t\t<img fetchpriority=\"high\" decoding=\"async\" width=\"800\" height=\"73\" src=\"https:\/\/cultourmirdita.al\/wp-content\/uploads\/2024\/01\/415794299_122165303282008683_519456362389152374_n-1024x93.png\" class=\"attachment-large size-large wp-image-1779\" alt=\"\" srcset=\"https:\/\/cultourmirdita.al\/wp-content\/uploads\/2024\/01\/415794299_122165303282008683_519456362389152374_n-1024x93.png 1024w, https:\/\/cultourmirdita.al\/wp-content\/uploads\/2024\/01\/415794299_122165303282008683_519456362389152374_n-300x27.png 300w, https:\/\/cultourmirdita.al\/wp-content\/uploads\/2024\/01\/415794299_122165303282008683_519456362389152374_n-758x69.png 758w, https:\/\/cultourmirdita.al\/wp-content\/uploads\/2024\/01\/415794299_122165303282008683_519456362389152374_n-1536x140.png 1536w, https:\/\/cultourmirdita.al\/wp-content\/uploads\/2024\/01\/415794299_122165303282008683_519456362389152374_n-2048x187.png 2048w, https:\/\/cultourmirdita.al\/wp-content\/uploads\/2024\/01\/415794299_122165303282008683_519456362389152374_n-18x2.png 18w, https:\/\/cultourmirdita.al\/wp-content\/uploads\/2024\/01\/415794299_122165303282008683_519456362389152374_n-1647x150.png 1647w, https:\/\/cultourmirdita.al\/wp-content\/uploads\/2024\/01\/415794299_122165303282008683_519456362389152374_n-100x9.png 100w, https:\/\/cultourmirdita.al\/wp-content\/uploads\/2024\/01\/415794299_122165303282008683_519456362389152374_n-788x71.png 788w, https:\/\/cultourmirdita.al\/wp-content\/uploads\/2024\/01\/415794299_122165303282008683_519456362389152374_n.png 1021w\" sizes=\"(max-width: 800px) 100vw, 800px\" \/>\t\t\t\t\t\t\t\t\t\t\t\t\t\t\t<\/div>\n\t\t\t\t<\/div>\n\t\t\t\t<div class=\"elementor-element elementor-element-8aec675 elementor-widget elementor-widget-spacer\" data-id=\"8aec675\" data-element_type=\"widget\" data-e-type=\"widget\" data-widget_type=\"spacer.default\">\n\t\t\t\t<div class=\"elementor-widget-container\">\n\t\t\t\t\t\t\t<div class=\"elementor-spacer\">\n\t\t\t<div class=\"elementor-spacer-inner\"><\/div>\n\t\t<\/div>\n\t\t\t\t\t\t<\/div>\n\t\t\t\t<\/div>\n\t\t\t\t<div class=\"elementor-element elementor-element-107007b elementor-widget elementor-widget-heading\" data-id=\"107007b\" data-element_type=\"widget\" data-e-type=\"widget\" data-widget_type=\"heading.default\">\n\t\t\t\t<div class=\"elementor-widget-container\">\n\t\t\t\t\t<h2 class=\"elementor-heading-title elementor-size-default\">Mapping the Elements of Cultural Heritage in Mirdita <\/h2>\t\t\t\t<\/div>\n\t\t\t\t<\/div>\n\t\t\t\t\t<\/div>\n\t\t\t\t<\/div>\n\t\t<div class=\"elementor-element elementor-element-2d08cb7 e-con-full e-flex e-con e-parent\" data-id=\"2d08cb7\" data-element_type=\"container\" data-e-type=\"container\">\n\t\t\t\t<div class=\"elementor-element elementor-element-a982d1c elementor-widget elementor-widget-image\" data-id=\"a982d1c\" data-element_type=\"widget\" data-e-type=\"widget\" data-widget_type=\"image.default\">\n\t\t\t\t<div class=\"elementor-widget-container\">\n\t\t\t\t\t\t\t\t\t\t\t\t\t\t\t<img decoding=\"async\" src=\"https:\/\/cultourmirdita.al\/wp-content\/uploads\/elementor\/thumbs\/arrow1-qhyh84hax68zbldya7jbb7vcnly2vq1v8d697cb3sw.bmp\" title=\"Arrow 1\" alt=\"Arrow 1\" loading=\"lazy\" \/>\t\t\t\t\t\t\t\t\t\t\t\t\t\t\t<\/div>\n\t\t\t\t<\/div>\n\t\t\t\t<div class=\"elementor-element elementor-element-d96e709 elementor-widget elementor-widget-heading\" data-id=\"d96e709\" data-element_type=\"widget\" data-e-type=\"widget\" data-widget_type=\"heading.default\">\n\t\t\t\t<div class=\"elementor-widget-container\">\n\t\t\t\t\t<h2 class=\"elementor-heading-title elementor-size-default\">For the complete recognition of the cultural landscape of Mirdita, a map (database) of culturally important points was created and the artisans who are still active in this area were identified.<\/h2>\t\t\t\t<\/div>\n\t\t\t\t<\/div>\n\t\t\t\t<div class=\"elementor-element elementor-element-6f8dadb elementor-widget elementor-widget-text-editor\" data-id=\"6f8dadb\" data-element_type=\"widget\" data-e-type=\"widget\" data-widget_type=\"text-editor.default\">\n\t\t\t\t<div class=\"elementor-widget-container\">\n\t\t\t\t\t\t\t\t\t<p>The following tables present a detailed overview of the cultural sites as well as the artisans who contribute to the cultural heritage of Mirdita, as a crucial first step for the wider recognition and preservation and promotion of the cultural heritage of this area.<\/p>\t\t\t\t\t\t\t\t<\/div>\n\t\t\t\t<\/div>\n\t\t\t\t<div class=\"elementor-element elementor-element-93eca62 elementor-widget elementor-widget-text-editor\" data-id=\"93eca62\" data-element_type=\"widget\" data-e-type=\"widget\" data-widget_type=\"text-editor.default\">\n\t\t\t\t<div class=\"elementor-widget-container\">\n\t\t\t\t\t\t\t\t\t<p><span style=\"font-family: helvetica, arial, sans-serif;\">To accomplish this, the expert used&nbsp;<b>a systematic research approach<\/b>, which included&nbsp;<b>interviews<\/b>&nbsp;with artisans, local experts, cultural institutions and other industry actors, as well as<i>desk research<\/i>\" and field visits.<br><br><\/span><\/p>\n<p><span style=\"font-family: helvetica, arial, sans-serif;\">The purpose of this method is not only to create a wide catalog of existing cultural assets but also to evaluate their accessibility from the visitor's side.<\/span><\/p>\t\t\t\t\t\t\t\t<\/div>\n\t\t\t\t<\/div>\n\t\t\t\t<div class=\"elementor-element elementor-element-340ea34 elementor-widget elementor-widget-spacer\" data-id=\"340ea34\" data-element_type=\"widget\" data-e-type=\"widget\" data-widget_type=\"spacer.default\">\n\t\t\t\t<div class=\"elementor-widget-container\">\n\t\t\t\t\t\t\t<div class=\"elementor-spacer\">\n\t\t\t<div class=\"elementor-spacer-inner\"><\/div>\n\t\t<\/div>\n\t\t\t\t\t\t<\/div>\n\t\t\t\t<\/div>\n\t\t\t\t<\/div>\n\t\t<div class=\"elementor-element elementor-element-14cc238 e-flex e-con-boxed e-con e-parent\" data-id=\"14cc238\" data-element_type=\"container\" data-e-type=\"container\">\n\t\t\t\t\t<div class=\"e-con-inner\">\n\t\t\t\t<div class=\"elementor-element elementor-element-693540d elementor-widget elementor-widget-spacer\" data-id=\"693540d\" data-element_type=\"widget\" data-e-type=\"widget\" data-widget_type=\"spacer.default\">\n\t\t\t\t<div class=\"elementor-widget-container\">\n\t\t\t\t\t\t\t<div class=\"elementor-spacer\">\n\t\t\t<div class=\"elementor-spacer-inner\"><\/div>\n\t\t<\/div>\n\t\t\t\t\t\t<\/div>\n\t\t\t\t<\/div>\n\t\t\t\t\t<\/div>\n\t\t\t\t<\/div>\n\t\t<div class=\"elementor-element elementor-element-6a70508 e-flex e-con-boxed e-con e-parent\" data-id=\"6a70508\" data-element_type=\"container\" data-e-type=\"container\">\n\t\t\t\t\t<div class=\"e-con-inner\">\n\t\t<div class=\"elementor-element elementor-element-273674b e-con-full e-flex e-con e-child\" data-id=\"273674b\" data-element_type=\"container\" data-e-type=\"container\">\n\t\t\t\t<div class=\"elementor-element elementor-element-bb9b2ff elementor-align-center elementor-widget elementor-widget-button\" data-id=\"bb9b2ff\" data-element_type=\"widget\" data-e-type=\"widget\" data-widget_type=\"button.default\">\n\t\t\t\t<div class=\"elementor-widget-container\">\n\t\t\t\t\t\t\t\t\t<div class=\"elementor-button-wrapper\">\n\t\t\t\t\t<a class=\"elementor-button elementor-button-link elementor-size-sm\" href=\"https:\/\/cultourmirdita.al\/wp-content\/uploads\/2024\/01\/5.1-Mapping.xlsx\" target=\"_blank\">\n\t\t\t\t\t\t<span class=\"elementor-button-content-wrapper\">\n\t\t\t\t\t\t<span class=\"elementor-button-icon\">\n\t\t\t\t<svg aria-hidden=\"true\" class=\"e-font-icon-svg e-fas-file-excel\" viewbox=\"0 0 384 512\" xmlns=\"http:\/\/www.w3.org\/2000\/svg\"><path d=\"M224 136V0H24C10.7 0 0 10.7 0 24v464c0 13.3 10.7 24 24 24h336c13.3 0 24-10.7 24-24V160H248c-13.2 0-24-10.8-24-24zm60.1 106.5L224 336l60.1 93.5c5.1 8-.6 18.5-10.1 18.5h-34.9c-4.4 0-8.5-2.4-10.6-6.3C208.9 405.5 192 373 192 373c-6.4 14.8-10 20-36.6 68.8-2.1 3.9-6.1 6.3-10.5 6.3H110c-9.5 0-15.2-10.5-10.1-18.5l60.3-93.5-60.3-93.5c-5.2-8 .6-18.5 10.1-18.5h34.8c4.4 0 8.5 2.4 10.6 6.3 26.1 48.8 20 33.6 36.6 68.5 0 0 6.1-11.7 36.6-68.5 2.1-3.9 6.2-6.3 10.6-6.3H274c9.5-.1 15.2 10.4 10.1 18.4zM384 121.9v6.1H256V0h6.1c6.4 0 12.5 2.5 17 7l97.9 98c4.5 4.5 7 10.6 7 16.9z\"><\/path><\/svg>\t\t\t<\/span>\n\t\t\t\t\t\t\t\t\t<span class=\"elementor-button-text\">Download the table in Excel format (.xlsx)<\/span>\n\t\t\t\t\t<\/span>\n\t\t\t\t\t<\/a>\n\t\t\t\t<\/div>\n\t\t\t\t\t\t\t\t<\/div>\n\t\t\t\t<\/div>\n\t\t\t\t<\/div>\n\t\t<div class=\"elementor-element elementor-element-70f44a7 e-con-full e-flex e-con e-child\" data-id=\"70f44a7\" data-element_type=\"container\" data-e-type=\"container\">\n\t\t\t\t<div class=\"elementor-element elementor-element-85f9fc2 elementor-align-center elementor-widget elementor-widget-button\" data-id=\"85f9fc2\" data-element_type=\"widget\" data-e-type=\"widget\" data-widget_type=\"button.default\">\n\t\t\t\t<div class=\"elementor-widget-container\">\n\t\t\t\t\t\t\t\t\t<div class=\"elementor-button-wrapper\">\n\t\t\t\t\t<a class=\"elementor-button elementor-button-link elementor-size-sm\" href=\"https:\/\/cultourmirdita.al\/artizant\/\" target=\"_blank\">\n\t\t\t\t\t\t<span class=\"elementor-button-content-wrapper\">\n\t\t\t\t\t\t<span class=\"elementor-button-icon\">\n\t\t\t\t<svg aria-hidden=\"true\" class=\"e-font-icon-svg e-fas-file-excel\" viewbox=\"0 0 384 512\" xmlns=\"http:\/\/www.w3.org\/2000\/svg\"><path d=\"M224 136V0H24C10.7 0 0 10.7 0 24v464c0 13.3 10.7 24 24 24h336c13.3 0 24-10.7 24-24V160H248c-13.2 0-24-10.8-24-24zm60.1 106.5L224 336l60.1 93.5c5.1 8-.6 18.5-10.1 18.5h-34.9c-4.4 0-8.5-2.4-10.6-6.3C208.9 405.5 192 373 192 373c-6.4 14.8-10 20-36.6 68.8-2.1 3.9-6.1 6.3-10.5 6.3H110c-9.5 0-15.2-10.5-10.1-18.5l60.3-93.5-60.3-93.5c-5.2-8 .6-18.5 10.1-18.5h34.8c4.4 0 8.5 2.4 10.6 6.3 26.1 48.8 20 33.6 36.6 68.5 0 0 6.1-11.7 36.6-68.5 2.1-3.9 6.2-6.3 10.6-6.3H274c9.5-.1 15.2 10.4 10.1 18.4zM384 121.9v6.1H256V0h6.1c6.4 0 12.5 2.5 17 7l97.9 98c4.5 4.5 7 10.6 7 16.9z\"><\/path><\/svg>\t\t\t<\/span>\n\t\t\t\t\t\t\t\t\t<span class=\"elementor-button-text\">Meet the artisans of Mirdita<\/span>\n\t\t\t\t\t<\/span>\n\t\t\t\t\t<\/a>\n\t\t\t\t<\/div>\n\t\t\t\t\t\t\t\t<\/div>\n\t\t\t\t<\/div>\n\t\t\t\t<\/div>\n\t\t\t\t\t<\/div>\n\t\t\t\t<\/div>\n\t\t\t\t<\/div>","protected":false},"excerpt":{"rendered":"<p>Hart\u00ebzimi i elementeve t\u00eb trash\u00ebgimis\u00eb kulturore n\u00eb Mirdit\u00eb P\u00ebr njohjen e plot\u00eb t\u00eb peizazhit kulturor t\u00eb Mirdit\u00ebs u angazhua krijua nj\u00eb hart\u00eb (databaz\u00eb) e pikave me r\u00ebnd\u00ebsi kulturore si dhe u krye identifikimi i artizan\u00ebve q\u00eb jan\u00eb ende aktiv\u00eb n\u00eb k\u00ebt\u00eb zon\u00eb. Tabelat n\u00eb vijim prezantojn\u00eb nj\u00eb pasqyr\u00eb t\u00eb detajuar t\u00eb siteve kulturore si dhe [&hellip;]<\/p>\n","protected":false},"author":1,"featured_media":0,"parent":0,"menu_order":0,"comment_status":"closed","ping_status":"closed","template":"elementor_header_footer","meta":{"h5ap_radio_sources":[],"footnotes":""},"class_list":["post-3532","page","type-page","status-publish","hentry"],"_links":{"self":[{"href":"https:\/\/cultourmirdita.al\/en\/wp-json\/wp\/v2\/pages\/3532","targetHints":{"allow":["GET"]}}],"collection":[{"href":"https:\/\/cultourmirdita.al\/en\/wp-json\/wp\/v2\/pages"}],"about":[{"href":"https:\/\/cultourmirdita.al\/en\/wp-json\/wp\/v2\/types\/page"}],"author":[{"embeddable":true,"href":"https:\/\/cultourmirdita.al\/en\/wp-json\/wp\/v2\/users\/1"}],"replies":[{"embeddable":true,"href":"https:\/\/cultourmirdita.al\/en\/wp-json\/wp\/v2\/comments?post=3532"}],"version-history":[{"count":67,"href":"https:\/\/cultourmirdita.al\/en\/wp-json\/wp\/v2\/pages\/3532\/revisions"}],"predecessor-version":[{"id":4349,"href":"https:\/\/cultourmirdita.al\/en\/wp-json\/wp\/v2\/pages\/3532\/revisions\/4349"}],"wp:attachment":[{"href":"https:\/\/cultourmirdita.al\/en\/wp-json\/wp\/v2\/media?parent=3532"}],"curies":[{"name":"wp","href":"https:\/\/api.w.org\/{rel}","templated":true}]}}